{"id":34,"date":"2018-10-10T13:11:02","date_gmt":"2018-10-10T16:11:02","guid":{"rendered":"https:\/\/cidadelaeditorial.com.br\/edicao-por-demanda\/?page_id=34"},"modified":"2018-11-08T12:51:24","modified_gmt":"2018-11-08T14:51:24","slug":"home","status":"publish","type":"page","link":"https:\/\/cidadelaeditorial.com.br\/edicao-por-demanda\/","title":{"rendered":"Edi\u00e7\u00e3o Por Demanda | Impress\u00e3o em Pequena Tiragem"},"content":{"rendered":"<h3><strong>Edi\u00e7\u00e3o por Demanda e Pequena Tiragem \u00e9 na Cidadela!<\/strong><\/h3>\n<p>Publique seu livro sob demanda, a partir de apenas 5 exemplares!<\/p>\n<p>&nbsp;<\/p>\n<p>O pronto atendimento, a flexibilidade e a qualidade dos livros s\u00e3o diferenciais da\u00a0<strong>Cidadela Editorial \u2013 Edi\u00e7\u00e3o Por Demanda e Pequena Tiragem<\/strong>, j\u00e1 reconhecidos pelos seus autores.<\/p>\n<p>Al\u00e9m de colocar se livro dispon\u00edvel para o formato e-book, temos uma \u00f3tima proposta para a impress\u00e3o dos exemplares para sua noite de aut\u00f3grafos: livros por demanda, a partir de 5 exemplares, lombada\u00a0costurada\u00a0e colada.<\/p>\n<p>Publique seu livro na melhor formata\u00e7\u00e3o atual! Com o modelo de edi\u00e7\u00e3o por demanda e pequena tiragem o autor n\u00e3o se descapitaliza, realiza seu evento de lan\u00e7amento e, depois, vai solicitando novos exemplares conforme sua necessidade.<\/p>\n<p>Com a Cidadela voc\u00ea acompanha todas as etapas da publica\u00e7\u00e3o, participando do desenvolvimento e da concretiza\u00e7\u00e3o do seu sonho. Basta voc\u00ea enviar seu original, receber o or\u00e7amento, ajustado para o tamanho ideal da sua obra, e em seguida, solicita a quantidade que voc\u00ea quiser. Em poucos dias a n\u00f3s lhe entregaremos o seu livro!<\/p>\n<p>A dist\u00e2ncia entre o\u00a0<strong>Autor<\/strong>\u00a0e a\u00a0<strong>Obra Pronta<\/strong>\u00a0tem a dimens\u00e3o de um singelo gesto:\u00a0enviar os originais para a Editora. Ent\u00e3o, chegou a hora! Solicite um or\u00e7amento! Voc\u00ea vai se surpreender!<\/p>\n<p>Preencha o\u00a0<a href=\"http:\/\/www.cidadelaeditorial.com.br\/contato-edicao-sob-demanda-pequena-tiragem\/\">formul\u00e1rio<\/a>, enviando seu original e receba um contato da Cidadela!\u00a0Acompanhe os perfis oficiais da Cidadela Edi\u00e7\u00e3o Por Demanda e Pequena Tiragem no\u00a0<a href=\"https:\/\/twitter.com\/EditoraCidadela?lang=pt-br\">Twitter<\/a>\u00a0e\u00a0<a href=\"https:\/\/www.facebook.com\/EditoraCidadela\/\">Facebook<\/a>!<\/p>\n","protected":false},"excerpt":{"rendered":"<p>Edi\u00e7\u00e3o por Demanda e Pequena Tiragem \u00e9 na Cidadela! Publique seu livro sob demanda, a partir de apenas 5 exemplares! &nbsp; O pronto atendimento, a flexibilidade e a qualidade dos livros s\u00e3o diferenciais da\u00a0Cidadela Editorial \u2013 Edi\u00e7\u00e3o Por Demanda e Pequena Tiragem, j\u00e1 reconhecidos pelos seus autores. Al\u00e9m de colocar se livro dispon\u00edvel para o [&hellip;]<\/p>\n","protected":false},"author":1,"featured_media":0,"parent":0,"menu_order":0,"comment_status":"closed","ping_status":"closed","template":"pages\/home.php","meta":[],"_links":{"self":[{"href":"https:\/\/cidadelaeditorial.com.br\/edicao-por-demanda\/wp-json\/wp\/v2\/pages\/34"}],"collection":[{"href":"https:\/\/cidadelaeditorial.com.br\/edicao-por-demanda\/wp-json\/wp\/v2\/pages"}],"about":[{"href":"https:\/\/cidadelaeditorial.com.br\/edicao-por-demanda\/wp-json\/wp\/v2\/types\/page"}],"author":[{"embeddable":true,"href":"https:\/\/cidadelaeditorial.com.br\/edicao-por-demanda\/wp-json\/wp\/v2\/users\/1"}],"replies":[{"embeddable":true,"href":"https:\/\/cidadelaeditorial.com.br\/edicao-por-demanda\/wp-json\/wp\/v2\/comments?post=34"}],"version-history":[{"count":3,"href":"https:\/\/cidadelaeditorial.com.br\/edicao-por-demanda\/wp-json\/wp\/v2\/pages\/34\/revisions"}],"predecessor-version":[{"id":67,"href":"https:\/\/cidadelaeditorial.com.br\/edicao-por-demanda\/wp-json\/wp\/v2\/pages\/34\/revisions\/67"}],"wp:attachment":[{"href":"https:\/\/cidadelaeditorial.com.br\/edicao-por-demanda\/wp-json\/wp\/v2\/media?parent=34"}],"curies":[{"name":"wp","href":"https:\/\/api.w.org\/{rel}","templated":true}]}}