{"id":2,"date":"2018-10-10T12:52:32","date_gmt":"2018-10-10T15:52:32","guid":{"rendered":"http:\/\/cidadelaeditorial.com.br\/edicao-por-demanda\/?page_id=2"},"modified":"2018-10-19T15:06:21","modified_gmt":"2018-10-19T18:06:21","slug":"edicao-por-demanda-e-pequena-tiragem-quem-somos","status":"publish","type":"page","link":"https:\/\/cidadelaeditorial.com.br\/edicao-por-demanda\/edicao-por-demanda-e-pequena-tiragem-quem-somos\/","title":{"rendered":"Quem Somos"},"content":{"rendered":"<p>[vc_row][vc_column width=&#8221;2\/3&#8243;][vc_column_text]<\/p>\n<h3 style=\"text-align: justify;\"><strong>Edi\u00e7\u00e3o por Demanda e Pequena Tiragem \u00e9 na Cidadela!<\/strong><\/h3>\n<p style=\"text-align: justify;\">Publique seu livro sob demanda, a partir de apenas 5 exemplares!<\/p>\n<p style=\"text-align: justify;\">O pronto atendimento, a flexibilidade e a qualidade dos livros s\u00e3o diferenciais da\u00a0<strong>Cidadela Editorial \u2013 Edi\u00e7\u00e3o Por Demanda e Pequena Tiragem<\/strong>, j\u00e1 reconhecidos pelos seus autores.<\/p>\n<p style=\"text-align: justify;\">Al\u00e9m de colocar seu livro dispon\u00edvel para o formato e-book, temos uma \u00f3tima proposta para a impress\u00e3o dos exemplares para sua noite de aut\u00f3grafos: livros por demanda, a partir de 5 exemplares, lombada\u00a0costurada\u00a0e colada.<\/p>\n<p style=\"text-align: justify;\">Publique seu livro na melhor formata\u00e7\u00e3o atual! Com o modelo de edi\u00e7\u00e3o por demanda e pequena tiragem o autor n\u00e3o se descapitaliza, realiza seu evento de lan\u00e7amento e, depois, vai solicitando novos exemplares conforme sua necessidade.<\/p>\n<p style=\"text-align: justify;\">Com a Cidadela voc\u00ea acompanha todas as etapas da publica\u00e7\u00e3o, participando do desenvolvimento e da concretiza\u00e7\u00e3o do seu sonho. Basta voc\u00ea enviar seu original, receber o or\u00e7amento, ajustado para o tamanho ideal da sua obra, e em seguida, solicita a quantidade que voc\u00ea quiser. Em poucos dias a n\u00f3s lhe entregaremos o seu livro!<\/p>\n<p style=\"text-align: justify;\">\u00a0A dist\u00e2ncia entre o\u00a0<strong>Autor<\/strong>\u00a0e a\u00a0<strong>Obra Pronta<\/strong>\u00a0tem a dimens\u00e3o de um singelo gesto:\u00a0enviar os originais para a Editora. Ent\u00e3o, chegou a hora! Solicite um or\u00e7amento! Voc\u00ea vai se surpreender!<\/p>\n<p style=\"text-align: justify;\">Preencha o\u00a0<a href=\"https:\/\/cidadelaeditorial.com.br\/edicao-por-demanda\/orcamento-edicao-por-demanda\/\">formul\u00e1rio<\/a>, enviando seu original e receba um contato da Cidadela!\u00a0Acompanhe os perfis oficiais da Cidadela Edi\u00e7\u00e3o Por Demanda e Pequena Tiragem no\u00a0<a href=\"https:\/\/twitter.com\/EditoraCidadela?lang=pt-br\">Twitter<\/a>\u00a0e\u00a0<a href=\"https:\/\/www.facebook.com\/EditoraCidadela\/\">Facebook<\/a>!<\/p>\n<p>[\/vc_column_text][\/vc_column][vc_column width=&#8221;1\/3&#8243;][vc_empty_space][vc_single_image image=&#8221;73&#8243; img_size=&#8221;full&#8221; alignment=&#8221;center&#8221; css_animation=&#8221;appear&#8221;][vc_single_image image=&#8221;69&#8243; img_size=&#8221;full&#8221; alignment=&#8221;center&#8221; css_animation=&#8221;appear&#8221;][\/vc_column][\/vc_row][vc_row][vc_column][vc_column_text]<\/p>\n<h3 style=\"text-align: center;\">Solicite seu or\u00e7amento!<\/h3>\n<p>[\/vc_column_text]<div role=\"form\" class=\"wpcf7\" id=\"wpcf7-f76-o1\" lang=\"pt-BR\" dir=\"ltr\">\n<div class=\"screen-reader-response\"><p role=\"status\" aria-live=\"polite\" aria-atomic=\"true\"><\/p> <ul><\/ul><\/div>\n<form action=\"\/edicao-por-demanda\/wp-json\/wp\/v2\/pages\/2#wpcf7-f76-o1\" method=\"post\" class=\"wpcf7-form init\" enctype=\"multipart\/form-data\" novalidate=\"novalidate\" data-status=\"init\">\n<div style=\"display: none;\">\n<input type=\"hidden\" name=\"_wpcf7\" value=\"76\" \/>\n<input type=\"hidden\" name=\"_wpcf7_version\" value=\"5.4.2\" \/>\n<input type=\"hidden\" name=\"_wpcf7_locale\" value=\"pt_BR\" \/>\n<input type=\"hidden\" name=\"_wpcf7_unit_tag\" value=\"wpcf7-f76-o1\" \/>\n<input type=\"hidden\" name=\"_wpcf7_container_post\" value=\"0\" \/>\n<input type=\"hidden\" name=\"_wpcf7_posted_data_hash\" value=\"\" \/>\n<\/div>\n<p><label> Seu nome (obrigat\u00f3rio)<br \/>\n    <span class=\"wpcf7-form-control-wrap your-name\"><input type=\"text\" name=\"your-name\" value=\"\" size=\"40\" class=\"wpcf7-form-control wpcf7-text wpcf7-validates-as-required\" aria-required=\"true\" aria-invalid=\"false\" \/><\/span> <\/label><\/p>\n<p><label> Seu e-mail (obrigat\u00f3rio)<br \/>\n    <span class=\"wpcf7-form-control-wrap your-email\"><input type=\"email\" name=\"your-email\" value=\"\" size=\"40\" class=\"wpcf7-form-control wpcf7-text wpcf7-email wpcf7-validates-as-required wpcf7-validates-as-email\" aria-required=\"true\" aria-invalid=\"false\" \/><\/span> <\/label><\/p>\n<p><label> Assunto<br \/>\n    <span class=\"wpcf7-form-control-wrap your-subject\"><input type=\"text\" name=\"your-subject\" value=\"\" size=\"40\" class=\"wpcf7-form-control wpcf7-text\" aria-invalid=\"false\" \/><\/span> <\/label><\/p>\n<p><label> Envie seus originais<br \/>\n    <span class=\"wpcf7-form-control-wrap file-90\"><input type=\"file\" name=\"file-90\" size=\"40\" class=\"wpcf7-form-control wpcf7-file\" accept=\".jpg,.jpeg,.png,.gif,.pdf,.doc,.docx,.ppt,.pptx,.odt,.avi,.ogg,.m4a,.mov,.mp3,.mp4,.mpg,.wav,.wmv\" aria-invalid=\"false\" \/><\/span> <\/label><\/p>\n<p><label> Sua mensagem<br \/>\n    <span class=\"wpcf7-form-control-wrap your-message\"><textarea name=\"your-message\" cols=\"40\" rows=\"10\" class=\"wpcf7-form-control wpcf7-textarea\" aria-invalid=\"false\"><\/textarea><\/span> <\/label><\/p>\n<div id=\"cf7sr-69e5e6262d269\" class=\"cf7sr-g-recaptcha\" data-theme=\"light\" data-type=\"image\" data-size=\"normal\" data-sitekey=\"6LcHlwEVAAAAAJ6nEtqn2bqc7CCxH2YA5nGtz_KK\"><\/div><span class=\"wpcf7-form-control-wrap cf7sr-recaptcha\" data-name=\"cf7sr-recaptcha\"><input type=\"hidden\" name=\"cf7sr-recaptcha\" value=\"\" class=\"wpcf7-form-control\"><\/span><\/p>\n<p><input type=\"submit\" value=\"Enviar\" class=\"wpcf7-form-control wpcf7-submit\" \/><\/p>\n<div class=\"wpcf7-response-output\" aria-hidden=\"true\"><\/div><\/form><\/div>[\/vc_column][\/vc_row]<\/p>\n","protected":false},"excerpt":{"rendered":"<p>[vc_row][vc_column width=&#8221;2\/3&#8243;][vc_column_text] Edi\u00e7\u00e3o por Demanda e Pequena Tiragem \u00e9 na Cidadela! Publique seu livro sob demanda, a partir de apenas 5 exemplares! O pronto atendimento, a flexibilidade e a qualidade dos livros s\u00e3o diferenciais da\u00a0Cidadela Editorial \u2013 Edi\u00e7\u00e3o Por Demanda e Pequena Tiragem, j\u00e1 reconhecidos pelos seus autores. Al\u00e9m de colocar seu livro dispon\u00edvel para [&hellip;]<\/p>\n","protected":false},"author":1,"featured_media":0,"parent":0,"menu_order":0,"comment_status":"closed","ping_status":"open","template":"","meta":[],"_links":{"self":[{"href":"https:\/\/cidadelaeditorial.com.br\/edicao-por-demanda\/wp-json\/wp\/v2\/pages\/2"}],"collection":[{"href":"https:\/\/cidadelaeditorial.com.br\/edicao-por-demanda\/wp-json\/wp\/v2\/pages"}],"about":[{"href":"https:\/\/cidadelaeditorial.com.br\/edicao-por-demanda\/wp-json\/wp\/v2\/types\/page"}],"author":[{"embeddable":true,"href":"https:\/\/cidadelaeditorial.com.br\/edicao-por-demanda\/wp-json\/wp\/v2\/users\/1"}],"replies":[{"embeddable":true,"href":"https:\/\/cidadelaeditorial.com.br\/edicao-por-demanda\/wp-json\/wp\/v2\/comments?post=2"}],"version-history":[{"count":6,"href":"https:\/\/cidadelaeditorial.com.br\/edicao-por-demanda\/wp-json\/wp\/v2\/pages\/2\/revisions"}],"predecessor-version":[{"id":104,"href":"https:\/\/cidadelaeditorial.com.br\/edicao-por-demanda\/wp-json\/wp\/v2\/pages\/2\/revisions\/104"}],"wp:attachment":[{"href":"https:\/\/cidadelaeditorial.com.br\/edicao-por-demanda\/wp-json\/wp\/v2\/media?parent=2"}],"curies":[{"name":"wp","href":"https:\/\/api.w.org\/{rel}","templated":true}]}}